{"id":24,"date":"2019-10-15T12:51:21","date_gmt":"2019-10-15T12:51:21","guid":{"rendered":"https:\/\/peninsulaesmeralda.com\/?page_id=24"},"modified":"2022-11-23T16:05:56","modified_gmt":"2022-11-23T16:05:56","slug":"experiences","status":"publish","type":"page","link":"https:\/\/peninsulaesmeralda.com\/es\/our-resort\/experiences\/","title":{"rendered":"Experiencias"},"content":{"rendered":"<h2>Experiencias Pen\u00ednsula Esmeralda<\/h2>\n<p>Puerto Plata no es solo un destino de playa relajante, sino un destino para aquellos que buscan una aventura tropical. La regi\u00f3n ofrece una gran variedad de tours y visitas, las cuales ponemos a disposici\u00f3n de nuestros hu\u00e9spedes. Tales como:<\/p>\n<p>Campo de golf (Playa Dorada\/Los Mangos)<\/p>\n<p>Paseos a caballo<\/p>\n<p>Excursiones en jeep<\/p>\n<p>Forro de tirolesa<\/p>\n<p>Clases de Surf<\/p>\n<p>Barco de platano<\/p>\n<p>Paseos en barco, yate y pesca (desde Ocean World)<\/p>\n<p>Pase de d\u00eda Ocean World<\/p>\n<p>Submarinismo<\/p>\n<p>Surf de vela<\/p>\n<p>Rafting en el r\u00edo salvaje<\/p>\n<p>Bicicleta de corte<\/p>\n<p>Telef\u00e9rico y City Tour<\/p>\n<p>27 Cascadas de Damajagua<\/p>\n<p>Punta Rucia, Parque Nacional de los Manat\u00edes e Isla Para\u00edso<\/p>\n<p>3 lagunas<\/p>\n<p>Alrededores<\/p>\n<p>Pen\u00ednsula Esmeralda cuenta con una excelente ubicaci\u00f3n: a 30 minutos del aeropuerto <a href=\"https:\/\/aeropuertopuertoplata.com\/?q=en\/vuelos\/entradas\">Gregorio Luper\u00f3n<\/a> (POP) y a 90 minutos del aeropuerto <a href=\"https:\/\/aeropuertocibao.com.do\/en\/\">Cibao<\/a> (STI) en Santiago, ambos aeropuertos internacionales, llegar a la Pen\u00ednsula es f\u00e1cil. La Pen\u00ednsula tambi\u00e9n se encuentra muy cerca de dos puertos de cruceros, <a href=\"https:\/\/www.ambercove.com\/\">Amber Cove<\/a>, que est\u00e1 a solo 7 minutos, y <a href=\"https:\/\/www.porttainobay.com\/en\">Taino Bay<\/a>, situada en el centro de Puerto Plata, a solo 15 minutos.&nbsp;<\/p>\n<p>Puerto Plata, una de las ciudades con m\u00e1s historia del pa\u00eds, se encuentra a solo 15 minutos y ofrece diversas excursiones a precios accesibles.&nbsp;<\/p>\n<p>Para aquellos interesados \u200b\u200ben jugar golf, la Pen\u00ednsula tambi\u00e9n est\u00e1 cerca de m\u00faltiples campos de golf, incluido <a href=\"https:\/\/www.godominicanrepublic.com\/poi\/golf\/puerto-plata\/playa-dorada-golf-course\/\">el campo de golf Robert Trent Jones<\/a> de 18 hoyos en Playa Dorada (25 minutos) y <a href=\"https:\/\/www.costambar-losmangos.com\/\">el campo de golf Los Mangos<\/a> de 9 hoyos en Costambar (10 minutos).&nbsp;<\/p>\n<p>Para que los ni\u00f1os y la familia se diviertan durante el d\u00eda, y los padres y sus amigos por la noche, el <a href=\"http:\/\/www.oceanworld.net\/eng\/index.php\">Ocean World Marina &amp; Casino<\/a> est\u00e1 a solo 5 minutos, un lugar que definitivamente vale la pena visitar. La posibilidad de <a href=\"http:\/\/www.oceanworld.net\/eng\/ocean-world-adventure-park\/1-dolphin-swim\">nadar con delfines<\/a> es una experiencia \u00fanica que no se pueden perder.<\/p>\n<p>Pen\u00ednsula Esmeralda Villas son el ep\u00edtome de la excelencia. El servicio fue incre\u00edble y la amabilidad de todas las personas con las que trat\u00e9 desde el primer d\u00eda fue refrescante. El personal es muy profesional, especialmente nuestro chef privado, F\u00e9lix. Siempre hizo un esfuerzo adicional para preparar cada una de nuestras comidas para nuestra estad\u00eda de 7 noches. \u00a1Felicitaciones y sigan con el buen servicio, definitivamente regresaremos pronto!<br \/>\n<cite> Laura H.<\/cite><br \/>\nNo hab\u00eda tenido noticias de Peninsula Esmeralda Villas antes. Un muy buen amigo me recomend\u00f3 la propiedad. \u00a1Tomamos una gran decisi\u00f3n! El personal de la villa fue excepcional e hizo que nuestra estancia fuera incre\u00edblemente memorable como resultado de su excelente servicio. Todo estaba muy limpio, privado y nos sentimos como en casa lejos de casa.<br \/>\n<cite>Jennifer P.<\/cite><br \/>\n\u00a1Nuestra estad\u00eda en Pen\u00ednsula Esmeralda fue simplemente m\u00e1gica! Fue m\u00e1s all\u00e1 de cualquier expectativa. Los jardines estaban impecables y absolutamente hermosos. Si alguna vez decidimos volver a Puerto Plata, nunca consideramos quedarnos en otro lugar. \u00a1Este lugar fue perfecto para nosotros!<br \/>\n<cite>Cueto L.<\/cite><br \/>\nAnterior<br \/>\nSiguiente<\/p>","protected":false},"excerpt":{"rendered":"<p>Peninsula Esmeralda Experiences Puerto Plata is not only a relaxing beach destination, but a destination for those looking for a tropical adventure. The region offers a wide variety of experiences that we make available to our guests. Golf course (Playa Dorada\/Los Mangos) Horseback riding Jeep tours Zip lining Surfing Classes Banana Boat Boat &amp; Yacht &hellip;<\/p>\n<p class=\"read-more\"> <a class=\"\" href=\"https:\/\/peninsulaesmeralda.com\/es\/our-resort\/experiences\/\"> <span class=\"screen-reader-text\">Experiencias<\/span> Leer m\u00e1s &raquo;<\/a><\/p>","protected":false},"author":1,"featured_media":0,"parent":15,"menu_order":19,"comment_status":"closed","ping_status":"closed","template":"elementor_header_footer","meta":{"footnotes":""},"acf":[],"yoast_head":"<!-- This site is optimized with the Yoast SEO plugin v21.8 - https:\/\/yoast.com\/wordpress\/plugins\/seo\/ -->\n<title>Experiences - Peninsula Esmeralda<\/title>\n<meta name=\"robots\" content=\"index, follow, max-snippet:-1, max-image-preview:large, max-video-preview:-1\" \/>\n<link rel=\"canonical\" href=\"https:\/\/peninsulaesmeralda.com\/es\/our-resort\/experiences\/\" \/>\n<meta property=\"og:locale\" content=\"es_ES\" \/>\n<meta property=\"og:type\" content=\"article\" \/>\n<meta property=\"og:title\" content=\"Experiences - Peninsula Esmeralda\" \/>\n<meta property=\"og:description\" content=\"Peninsula Esmeralda Experiences Puerto Plata is not only a relaxing beach destination, but a destination for those looking for a tropical adventure. The region offers a wide variety of experiences that we make available to our guests. Golf course (Playa Dorada\/Los Mangos) Horseback riding Jeep tours Zip lining Surfing Classes Banana Boat Boat &amp; Yacht &hellip; Experiences Leer m\u00e1s &raquo;\" \/>\n<meta property=\"og:url\" content=\"https:\/\/peninsulaesmeralda.com\/es\/our-resort\/experiences\/\" \/>\n<meta property=\"og:site_name\" content=\"Peninsula Esmeralda\" \/>\n<meta property=\"article:modified_time\" content=\"2022-11-23T16:05:56+00:00\" \/>\n<meta name=\"twitter:card\" content=\"summary_large_image\" \/>\n<meta name=\"twitter:label1\" content=\"Tiempo de lectura\" \/>\n\t<meta name=\"twitter:data1\" content=\"2 minutos\" \/>\n<script type=\"application\/ld+json\" class=\"yoast-schema-graph\">{\"@context\":\"https:\/\/schema.org\",\"@graph\":[{\"@type\":\"WebPage\",\"@id\":\"https:\/\/peninsulaesmeralda.com\/our-resort\/experiences\/\",\"url\":\"https:\/\/peninsulaesmeralda.com\/our-resort\/experiences\/\",\"name\":\"Experiences - Peninsula Esmeralda\",\"isPartOf\":{\"@id\":\"https:\/\/peninsulaesmeralda.com\/#website\"},\"datePublished\":\"2019-10-15T12:51:21+00:00\",\"dateModified\":\"2022-11-23T16:05:56+00:00\",\"breadcrumb\":{\"@id\":\"https:\/\/peninsulaesmeralda.com\/our-resort\/experiences\/#breadcrumb\"},\"inLanguage\":\"es\",\"potentialAction\":[{\"@type\":\"ReadAction\",\"target\":[\"https:\/\/peninsulaesmeralda.com\/our-resort\/experiences\/\"]}]},{\"@type\":\"BreadcrumbList\",\"@id\":\"https:\/\/peninsulaesmeralda.com\/our-resort\/experiences\/#breadcrumb\",\"itemListElement\":[{\"@type\":\"ListItem\",\"position\":1,\"name\":\"Home\",\"item\":\"https:\/\/peninsulaesmeralda.com\/\"},{\"@type\":\"ListItem\",\"position\":2,\"name\":\"Our Resort\",\"item\":\"https:\/\/peninsulaesmeralda.com\/our-resort\/\"},{\"@type\":\"ListItem\",\"position\":3,\"name\":\"Experiences\"}]},{\"@type\":\"WebSite\",\"@id\":\"https:\/\/peninsulaesmeralda.com\/#website\",\"url\":\"https:\/\/peninsulaesmeralda.com\/\",\"name\":\"Peninsula Esmeralda\",\"description\":\"Travelers in search of affordable luxury shall look no further!\",\"potentialAction\":[{\"@type\":\"SearchAction\",\"target\":{\"@type\":\"EntryPoint\",\"urlTemplate\":\"https:\/\/peninsulaesmeralda.com\/?s={search_term_string}\"},\"query-input\":\"required name=search_term_string\"}],\"inLanguage\":\"es\"}]}<\/script>\n<!-- \/ Yoast SEO plugin. -->","yoast_head_json":{"title":"Experiences - Peninsula Esmeralda","robots":{"index":"index","follow":"follow","max-snippet":"max-snippet:-1","max-image-preview":"max-image-preview:large","max-video-preview":"max-video-preview:-1"},"canonical":"https:\/\/peninsulaesmeralda.com\/es\/our-resort\/experiences\/","og_locale":"es_ES","og_type":"article","og_title":"Experiences - Peninsula Esmeralda","og_description":"Peninsula Esmeralda Experiences Puerto Plata is not only a relaxing beach destination, but a destination for those looking for a tropical adventure. The region offers a wide variety of experiences that we make available to our guests. Golf course (Playa Dorada\/Los Mangos) Horseback riding Jeep tours Zip lining Surfing Classes Banana Boat Boat &amp; Yacht &hellip; Experiences Leer m\u00e1s &raquo;","og_url":"https:\/\/peninsulaesmeralda.com\/es\/our-resort\/experiences\/","og_site_name":"Peninsula Esmeralda","article_modified_time":"2022-11-23T16:05:56+00:00","twitter_card":"summary_large_image","twitter_misc":{"Tiempo de lectura":"2 minutos"},"schema":{"@context":"https:\/\/schema.org","@graph":[{"@type":"WebPage","@id":"https:\/\/peninsulaesmeralda.com\/our-resort\/experiences\/","url":"https:\/\/peninsulaesmeralda.com\/our-resort\/experiences\/","name":"Experiences - Peninsula Esmeralda","isPartOf":{"@id":"https:\/\/peninsulaesmeralda.com\/#website"},"datePublished":"2019-10-15T12:51:21+00:00","dateModified":"2022-11-23T16:05:56+00:00","breadcrumb":{"@id":"https:\/\/peninsulaesmeralda.com\/our-resort\/experiences\/#breadcrumb"},"inLanguage":"es","potentialAction":[{"@type":"ReadAction","target":["https:\/\/peninsulaesmeralda.com\/our-resort\/experiences\/"]}]},{"@type":"BreadcrumbList","@id":"https:\/\/peninsulaesmeralda.com\/our-resort\/experiences\/#breadcrumb","itemListElement":[{"@type":"ListItem","position":1,"name":"Home","item":"https:\/\/peninsulaesmeralda.com\/"},{"@type":"ListItem","position":2,"name":"Our Resort","item":"https:\/\/peninsulaesmeralda.com\/our-resort\/"},{"@type":"ListItem","position":3,"name":"Experiences"}]},{"@type":"WebSite","@id":"https:\/\/peninsulaesmeralda.com\/#website","url":"https:\/\/peninsulaesmeralda.com\/","name":"Peninsula Esmeralda","description":"Travelers in search of affordable luxury shall look no further!","potentialAction":[{"@type":"SearchAction","target":{"@type":"EntryPoint","urlTemplate":"https:\/\/peninsulaesmeralda.com\/?s={search_term_string}"},"query-input":"required name=search_term_string"}],"inLanguage":"es"}]}},"_links":{"self":[{"href":"https:\/\/peninsulaesmeralda.com\/es\/wp-json\/wp\/v2\/pages\/24"}],"collection":[{"href":"https:\/\/peninsulaesmeralda.com\/es\/wp-json\/wp\/v2\/pages"}],"about":[{"href":"https:\/\/peninsulaesmeralda.com\/es\/wp-json\/wp\/v2\/types\/page"}],"author":[{"embeddable":true,"href":"https:\/\/peninsulaesmeralda.com\/es\/wp-json\/wp\/v2\/users\/1"}],"replies":[{"embeddable":true,"href":"https:\/\/peninsulaesmeralda.com\/es\/wp-json\/wp\/v2\/comments?post=24"}],"version-history":[{"count":71,"href":"https:\/\/peninsulaesmeralda.com\/es\/wp-json\/wp\/v2\/pages\/24\/revisions"}],"predecessor-version":[{"id":3662,"href":"https:\/\/peninsulaesmeralda.com\/es\/wp-json\/wp\/v2\/pages\/24\/revisions\/3662"}],"up":[{"embeddable":true,"href":"https:\/\/peninsulaesmeralda.com\/es\/wp-json\/wp\/v2\/pages\/15"}],"wp:attachment":[{"href":"https:\/\/peninsulaesmeralda.com\/es\/wp-json\/wp\/v2\/media?parent=24"}],"curies":[{"name":"wp","href":"https:\/\/api.w.org\/{rel}","templated":true}]}}